{"id":2,"date":"2024-03-27T15:23:44","date_gmt":"2024-03-27T15:23:44","guid":{"rendered":"https:\/\/new.savo-karjala.fi\/?page_id=2"},"modified":"2024-03-28T10:18:04","modified_gmt":"2024-03-28T10:18:04","slug":"sample-page","status":"publish","type":"page","link":"https:\/\/savo-karjala.fi\/","title":{"rendered":"Etusivu"},"content":{"rendered":"\r\n<p><strong>AA (nimett\u00f6m\u00e4t alkoholistit, alcoholics anomymous)<\/strong> on miesten ja naisten toveriseura, jossa he jakavat kesken\u00e4\u00e4n kokemuksensa, voimansa ja toivonsa voidakseen ratkaista yhteisen ongelmansa sek\u00e4 auttaakseen toisia tervehtym\u00e4\u00e4n alkoholismista. Ainoa j\u00e4seneksi p\u00e4\u00e4syn vaatimus on halu lopettaa juominen.<br \/><br \/>AA:ssa ei ole mit\u00e4\u00e4n velvoitteita eik\u00e4 j\u00e4senmaksuja; toimimme omavaraisina omien vapaaehtoisten avustusten pohjalta.<br \/><br \/>AA ei ole liittyneen\u00e4 mihink\u00e4\u00e4n aatteelliseen, uskonnolliseen tai poliittiseen suuntaukseen, j\u00e4rjest\u00f6\u00f6n tai laitokseen. Se ei my\u00f6sk\u00e4\u00e4n ota kantaa mihink\u00e4\u00e4n kiistakysymykseen eik\u00e4 asetu enemp\u00e4\u00e4 puolustamaan kuin vastustamaan mit\u00e4\u00e4n.<br \/><strong>Ainoa p\u00e4\u00e4m\u00e4\u00e4r\u00e4 on pysy\u00e4 raittiina ja auttaa toisia alkoholisteja saavuttamaan raittius.<br \/><\/strong><br \/>AA on maailmanlaajuinen yhteis\u00f6, joka toimii noin 170 maassa. Sen j\u00e4senm\u00e4\u00e4r\u00e4ksi arvioidaan noin 2,3 miljoonaa henke\u00e4. Suomessa AA toimii noin 260 paikkakunnalla ja ryhmi\u00e4 on yli 600. Laitoksissa toimii lis\u00e4ksi 60 AA-ryhm\u00e4\u00e4. Ulkomailla on noin 50 suomenkielist\u00e4 ryhm\u00e4\u00e4. J\u00e4seni\u00e4 Suomessa arvioidaan olevan l\u00e4hes 10000.<\/p>\r\n","protected":false},"excerpt":{"rendered":"<p>AA (nimett\u00f6m\u00e4t alkoholistit, alcoholics anomymous) on miesten ja naisten toveriseura, jossa he jakavat kesken\u00e4\u00e4n kokemuksensa, voimansa ja toivonsa voidakseen ratkaista yhteisen ongelmansa sek\u00e4 auttaakseen toisia tervehtym\u00e4\u00e4n alkoholismista. Ainoa j\u00e4seneksi p\u00e4\u00e4syn vaatimus on halu lopettaa juominen. AA:ssa ei ole mit\u00e4\u00e4n velvoitteita eik\u00e4 j\u00e4senmaksuja; toimimme omavaraisina omien vapaaehtoisten avustusten pohjalta. AA ei ole liittyneen\u00e4 mihink\u00e4\u00e4n aatteelliseen, uskonnolliseen [&hellip;]<\/p>\n","protected":false},"author":1,"featured_media":0,"parent":0,"menu_order":0,"comment_status":"closed","ping_status":"open","template":"","meta":{"footnotes":""},"class_list":["post-2","page","type-page","status-publish","hentry"],"jetpack_sharing_enabled":true,"_links":{"self":[{"href":"https:\/\/savo-karjala.fi\/index.php\/wp-json\/wp\/v2\/pages\/2","targetHints":{"allow":["GET"]}}],"collection":[{"href":"https:\/\/savo-karjala.fi\/index.php\/wp-json\/wp\/v2\/pages"}],"about":[{"href":"https:\/\/savo-karjala.fi\/index.php\/wp-json\/wp\/v2\/types\/page"}],"author":[{"embeddable":true,"href":"https:\/\/savo-karjala.fi\/index.php\/wp-json\/wp\/v2\/users\/1"}],"replies":[{"embeddable":true,"href":"https:\/\/savo-karjala.fi\/index.php\/wp-json\/wp\/v2\/comments?post=2"}],"version-history":[{"count":2,"href":"https:\/\/savo-karjala.fi\/index.php\/wp-json\/wp\/v2\/pages\/2\/revisions"}],"predecessor-version":[{"id":20,"href":"https:\/\/savo-karjala.fi\/index.php\/wp-json\/wp\/v2\/pages\/2\/revisions\/20"}],"wp:attachment":[{"href":"https:\/\/savo-karjala.fi\/index.php\/wp-json\/wp\/v2\/media?parent=2"}],"curies":[{"name":"wp","href":"https:\/\/api.w.org\/{rel}","templated":true}]}}