{"id":21,"date":"2024-03-28T13:29:51","date_gmt":"2024-03-28T13:29:51","guid":{"rendered":"https:\/\/new.savo-karjala.fi\/?page_id=21"},"modified":"2024-08-23T08:50:40","modified_gmt":"2024-08-23T06:50:40","slug":"ongelmia-alkoholin-kanssa","status":"publish","type":"page","link":"https:\/\/savo-karjala.fi\/index.php\/ongelmia-alkoholin-kanssa\/","title":{"rendered":"Ongelmia alkoholin kanssa?"},"content":{"rendered":"<div id=\"content-w2\">\n<article class=\"item-page\">Jos tied\u00e4t ett\u00e4 sinulla on alkoholiongelma tai juomisesi huolestuttaa sinua, saatat olla kiinnostunut AA:sta ja 12 askeleen toipumisohjelmasta.Luettuasi t\u00e4m\u00e4n esittelyn voit kuitenkin ajatella, ett\u00e4 AA:lla ei ole mit\u00e4\u00e4n tarjottavaa sinulle.Jos p\u00e4\u00e4dyt siihen tulokseen, ehdotamme kuitenkin ett\u00e4 suhtaudut asiaan ennakkoluulottomasti.Harkitse juomistasi tarkkaan n\u00e4ilt\u00e4 sivuilta l\u00f6ytyv\u00e4n tiedon valossa. P\u00e4\u00e4t\u00e4 itse onko alkoholista tullut sinulle ongelma.Muista ett\u00e4 olet aina tervetullut AA:n tuhansien miesten ja naisten joukkoon. N\u00e4m\u00e4 ihmiset ovat ratkaisseet alkoholiongelmansa ja opettelevat nyt \u201dnormaaliel\u00e4m\u00e4\u00e4\u201d p\u00e4iv\u00e4 kerrallaan raittiina.<a href=\"https:\/\/savo-karjala.fi\/index.php\/__trashed\/\"><strong>SAVO-KARJALA AUTTAVA PUHELIN<\/strong><\/a><\/p>\n<\/article>\n<\/div>\n<div id=\"footer\"><\/div>\n","protected":false},"excerpt":{"rendered":"<p>Jos tied\u00e4t ett\u00e4 sinulla on alkoholiongelma tai juomisesi huolestuttaa sinua, saatat olla kiinnostunut AA:sta ja 12 askeleen toipumisohjelmasta.Luettuasi t\u00e4m\u00e4n esittelyn voit kuitenkin ajatella, ett\u00e4 AA:lla ei ole mit\u00e4\u00e4n tarjottavaa sinulle.Jos p\u00e4\u00e4dyt siihen tulokseen, ehdotamme kuitenkin ett\u00e4 suhtaudut asiaan ennakkoluulottomasti.Harkitse juomistasi tarkkaan n\u00e4ilt\u00e4 sivuilta l\u00f6ytyv\u00e4n tiedon valossa. P\u00e4\u00e4t\u00e4 itse onko alkoholista tullut sinulle ongelma.Muista ett\u00e4 olet [&hellip;]<\/p>\n","protected":false},"author":1,"featured_media":23,"parent":0,"menu_order":0,"comment_status":"closed","ping_status":"closed","template":"","meta":{"footnotes":""},"class_list":["post-21","page","type-page","status-publish","has-post-thumbnail","hentry"],"jetpack_sharing_enabled":true,"_links":{"self":[{"href":"https:\/\/savo-karjala.fi\/index.php\/wp-json\/wp\/v2\/pages\/21","targetHints":{"allow":["GET"]}}],"collection":[{"href":"https:\/\/savo-karjala.fi\/index.php\/wp-json\/wp\/v2\/pages"}],"about":[{"href":"https:\/\/savo-karjala.fi\/index.php\/wp-json\/wp\/v2\/types\/page"}],"author":[{"embeddable":true,"href":"https:\/\/savo-karjala.fi\/index.php\/wp-json\/wp\/v2\/users\/1"}],"replies":[{"embeddable":true,"href":"https:\/\/savo-karjala.fi\/index.php\/wp-json\/wp\/v2\/comments?post=21"}],"version-history":[{"count":7,"href":"https:\/\/savo-karjala.fi\/index.php\/wp-json\/wp\/v2\/pages\/21\/revisions"}],"predecessor-version":[{"id":207,"href":"https:\/\/savo-karjala.fi\/index.php\/wp-json\/wp\/v2\/pages\/21\/revisions\/207"}],"wp:featuredmedia":[{"embeddable":true,"href":"https:\/\/savo-karjala.fi\/index.php\/wp-json\/wp\/v2\/media\/23"}],"wp:attachment":[{"href":"https:\/\/savo-karjala.fi\/index.php\/wp-json\/wp\/v2\/media?parent=21"}],"curies":[{"name":"wp","href":"https:\/\/api.w.org\/{rel}","templated":true}]}}