{"id":83,"date":"2024-03-29T08:02:57","date_gmt":"2024-03-29T08:02:57","guid":{"rendered":"https:\/\/new.savo-karjala.fi\/?page_id=83"},"modified":"2024-03-29T08:02:57","modified_gmt":"2024-03-29T08:02:57","slug":"aa-kokoukset","status":"publish","type":"page","link":"https:\/\/savo-karjala.fi\/index.php\/aa-kokoukset\/","title":{"rendered":"AA kokoukset"},"content":{"rendered":"<div id=\"content-w2\">\n<article class=\"item-page\">Savo-Karjalan alueella kokoontuu yli 60 AA-ryhm\u00e4\u00e4 monilla eri paikkakunnilla. Katso tarkemmat yhteystiedot sivulta &#8221;Alueen ryhm\u00e4t &#8211; yhteystiedot&#8221;<\/p>\n<p>Tarkat\u00a0ryhmien\u00a0yhteystiedot karttalinkityksineen l\u00f6yd\u00e4t my\u00f6s <a href=\"https:\/\/apps.hailer.com\/65434d13c1794343627d26e7\/659e7c76b691da60696d2f8e\/index.html\" target=\"_blank\" rel=\"noopener noreferrer\">Suomen AA-ryhm\u00e4haun kautta.<\/a><\/p>\n<p>Saman ryhm\u00e4haun avulla\u00a0l\u00f6yd\u00e4t kaikki muutkin Suomen AA-ryhm\u00e4t\u00a0sek\u00e4 ulkomailla\u00a0kokoontuvat suomenkieliset AA-ryhm\u00e4t.<\/p>\n<p>Ryhmien yhteystiedot l\u00f6ytyv\u00e4t my\u00f6s painetuista ryhm\u00e4luetteloista joita on saatavilla Vantaan toimistostamme sek\u00e4 AA-ryhmist\u00e4.<\/p>\n<\/article>\n<\/div>\n<div id=\"footer\"><\/div>\n","protected":false},"excerpt":{"rendered":"<p>Savo-Karjalan alueella kokoontuu yli 60 AA-ryhm\u00e4\u00e4 monilla eri paikkakunnilla. Katso tarkemmat yhteystiedot sivulta &#8221;Alueen ryhm\u00e4t &#8211; yhteystiedot&#8221; Tarkat\u00a0ryhmien\u00a0yhteystiedot karttalinkityksineen l\u00f6yd\u00e4t my\u00f6s Suomen AA-ryhm\u00e4haun kautta. Saman ryhm\u00e4haun avulla\u00a0l\u00f6yd\u00e4t kaikki muutkin Suomen AA-ryhm\u00e4t\u00a0sek\u00e4 ulkomailla\u00a0kokoontuvat suomenkieliset AA-ryhm\u00e4t. Ryhmien yhteystiedot l\u00f6ytyv\u00e4t my\u00f6s painetuista ryhm\u00e4luetteloista joita on saatavilla Vantaan toimistostamme sek\u00e4 AA-ryhmist\u00e4.<\/p>\n","protected":false},"author":1,"featured_media":53,"parent":0,"menu_order":0,"comment_status":"closed","ping_status":"closed","template":"","meta":{"footnotes":""},"class_list":["post-83","page","type-page","status-publish","has-post-thumbnail","hentry"],"jetpack_sharing_enabled":true,"_links":{"self":[{"href":"https:\/\/savo-karjala.fi\/index.php\/wp-json\/wp\/v2\/pages\/83","targetHints":{"allow":["GET"]}}],"collection":[{"href":"https:\/\/savo-karjala.fi\/index.php\/wp-json\/wp\/v2\/pages"}],"about":[{"href":"https:\/\/savo-karjala.fi\/index.php\/wp-json\/wp\/v2\/types\/page"}],"author":[{"embeddable":true,"href":"https:\/\/savo-karjala.fi\/index.php\/wp-json\/wp\/v2\/users\/1"}],"replies":[{"embeddable":true,"href":"https:\/\/savo-karjala.fi\/index.php\/wp-json\/wp\/v2\/comments?post=83"}],"version-history":[{"count":1,"href":"https:\/\/savo-karjala.fi\/index.php\/wp-json\/wp\/v2\/pages\/83\/revisions"}],"predecessor-version":[{"id":85,"href":"https:\/\/savo-karjala.fi\/index.php\/wp-json\/wp\/v2\/pages\/83\/revisions\/85"}],"wp:featuredmedia":[{"embeddable":true,"href":"https:\/\/savo-karjala.fi\/index.php\/wp-json\/wp\/v2\/media\/53"}],"wp:attachment":[{"href":"https:\/\/savo-karjala.fi\/index.php\/wp-json\/wp\/v2\/media?parent=83"}],"curies":[{"name":"wp","href":"https:\/\/api.w.org\/{rel}","templated":true}]}}