{"id":86,"date":"2024-03-29T08:05:06","date_gmt":"2024-03-29T08:05:06","guid":{"rendered":"https:\/\/new.savo-karjala.fi\/?page_id=86"},"modified":"2024-03-29T09:17:13","modified_gmt":"2024-03-29T09:17:13","slug":"muita-linkkeja","status":"publish","type":"page","link":"https:\/\/savo-karjala.fi\/index.php\/muita-linkkeja\/","title":{"rendered":"Muita linkkej\u00e4"},"content":{"rendered":"<div>&#8211; Al-anon &#8211; vertaistukea alkoholistien l\u00e4heisille <a href=\"http:\/\/www.al-anon.fi\" target=\"_blank\" rel=\"noopener\" data-saferedirecturl=\"https:\/\/www.google.com\/url?hl=fi&amp;q=http:\/\/www.al-anon.fi&amp;source=gmail&amp;ust=1517817244338000&amp;usg=AFQjCNGXz_giu93nQoT9zHmo6Qp4l1l85A\">www.al-anon.fi<\/a><\/div>\n<div>&#8211; NA &#8211; nimett\u00f6m\u00e4t narkomaanit <a href=\"http:\/\/www.nasuomi.org\" target=\"_blank\" rel=\"noopener\" data-saferedirecturl=\"https:\/\/www.google.com\/url?hl=fi&amp;q=http:\/\/www.nasuomi.org&amp;source=gmail&amp;ust=1517817244338000&amp;usg=AFQjCNEWlxRGgKpby0gfNQVKjG3Td5wuDA\">www.nasuomi.org<\/a><\/div>\n<div>&#8211; alkoholistisessa tai toimintah\u00e4iri\u00f6isess\u00e4 perheess\u00e4 kasvaneille ACA &#8211; Alkoholistien Aikuiset Lapset <a href=\"http:\/\/www.aal.fi\" target=\"_blank\" rel=\"noopener\" data-saferedirecturl=\"https:\/\/www.google.com\/url?hl=fi&amp;q=http:\/\/www.aal.fi&amp;source=gmail&amp;ust=1517817244338000&amp;usg=AFQjCNHi2G-palKrsqmRaIO1ft89NFtCow\">www.aal.fi<\/a>.<\/div>\n","protected":false},"excerpt":{"rendered":"<p>&#8211; Al-anon &#8211; vertaistukea alkoholistien l\u00e4heisille www.al-anon.fi &#8211; NA &#8211; nimett\u00f6m\u00e4t narkomaanit www.nasuomi.org &#8211; alkoholistisessa tai toimintah\u00e4iri\u00f6isess\u00e4 perheess\u00e4 kasvaneille ACA &#8211; Alkoholistien Aikuiset Lapset www.aal.fi.<\/p>\n","protected":false},"author":1,"featured_media":87,"parent":0,"menu_order":0,"comment_status":"closed","ping_status":"closed","template":"","meta":{"footnotes":""},"class_list":["post-86","page","type-page","status-publish","has-post-thumbnail","hentry"],"jetpack_sharing_enabled":true,"_links":{"self":[{"href":"https:\/\/savo-karjala.fi\/index.php\/wp-json\/wp\/v2\/pages\/86","targetHints":{"allow":["GET"]}}],"collection":[{"href":"https:\/\/savo-karjala.fi\/index.php\/wp-json\/wp\/v2\/pages"}],"about":[{"href":"https:\/\/savo-karjala.fi\/index.php\/wp-json\/wp\/v2\/types\/page"}],"author":[{"embeddable":true,"href":"https:\/\/savo-karjala.fi\/index.php\/wp-json\/wp\/v2\/users\/1"}],"replies":[{"embeddable":true,"href":"https:\/\/savo-karjala.fi\/index.php\/wp-json\/wp\/v2\/comments?post=86"}],"version-history":[{"count":1,"href":"https:\/\/savo-karjala.fi\/index.php\/wp-json\/wp\/v2\/pages\/86\/revisions"}],"predecessor-version":[{"id":89,"href":"https:\/\/savo-karjala.fi\/index.php\/wp-json\/wp\/v2\/pages\/86\/revisions\/89"}],"wp:featuredmedia":[{"embeddable":true,"href":"https:\/\/savo-karjala.fi\/index.php\/wp-json\/wp\/v2\/media\/87"}],"wp:attachment":[{"href":"https:\/\/savo-karjala.fi\/index.php\/wp-json\/wp\/v2\/media?parent=86"}],"curies":[{"name":"wp","href":"https:\/\/api.w.org\/{rel}","templated":true}]}}